{"id":65,"date":"2021-02-09T15:47:58","date_gmt":"2021-02-09T15:47:58","guid":{"rendered":"http:\/\/icelandfishexpo.webdev.is\/?page_id=65"},"modified":"2023-01-30T10:35:50","modified_gmt":"2023-01-30T10:35:50","slug":"opnunarhof","status":"publish","type":"page","link":"https:\/\/idnadarsyningin.webdev.is\/en\/opnunarhof\/","title":{"rendered":"Opening Ceremony"},"content":{"rendered":"<p>[et_pb_section fb_built=&#8220;1&#8243; admin_label=&#8220;Header&#8220; _builder_version=&#8220;4.8.2&#8243; background_color=&#8220;#038c94&#8243; background_enable_image=&#8220;off&#8220; background_size=&#8220;contain&#8220; custom_margin=&#8220;||||false&#8220; custom_padding=&#8220;1vw||1vw||true|false&#8220;][et_pb_row _builder_version=&#8220;4.8.2&#8243; background_size=&#8220;contain&#8220;][et_pb_column type=&#8220;4_4&#8243; _builder_version=&#8220;3.25&#8243; custom_padding=&#8220;|||&#8220; custom_padding__hover=&#8220;|||&#8220;][et_pb_text _builder_version=&#8220;4.8.2&#8243; text_font=&#8220;||||||||&#8220; ul_font=&#8220;||||||||&#8220; ol_font=&#8220;||||||||&#8220; header_font=&#8220;Montserrat|500||on|||||&#8220; header_font_size=&#8220;18px&#8220; header_letter_spacing=&#8220;5px&#8220; header_line_height=&#8220;1.5em&#8220; header_2_font=&#8220;Merriweather|700|||||||&#8220; header_2_font_size=&#8220;60px&#8220; header_2_line_height=&#8220;1.4em&#8220; header_3_font=&#8220;||||||||&#8220; header_4_font=&#8220;||||||||&#8220; header_5_font=&#8220;||||||||&#8220; header_6_font=&#8220;||||||||&#8220; text_orientation=&#8220;center&#8220; custom_margin=&#8220;0px||0px||false|false&#8220; header_font_size_tablet=&#8220;&#8220; header_font_size_phone=&#8220;12px&#8220; header_font_size_last_edited=&#8220;on|desktop&#8220; header_2_font_size_tablet=&#8220;50px&#8220; header_2_font_size_phone=&#8220;30px&#8220; header_2_font_size_last_edited=&#8220;on|desktop&#8220;]<\/p>\n<h2><span style=\"color: #e09900;\"><\/span><\/h2>\n<h2><span style=\"color: #e09900;\"><\/span><\/h2>\n<h2><span style=\"color: #e09900;\"><\/span><\/h2>\n<h2><span style=\"color: #e09900;\">OPNUNARH\u00d3F<\/span><\/h2>\n<h1><span style=\"color: #ffffff;\">VI\u00d0URKENNINGAR<\/span><\/h1>\n<p>[\/et_pb_text][\/et_pb_column][\/et_pb_row][\/et_pb_section][et_pb_section fb_built=&#8220;1&#8243; prev_background_color=&#8220;#038c94&#8243; admin_label=&#8220;About&#8220; _builder_version=&#8220;4.8.2&#8243; background_color=&#8220;#fafafa&#8220; use_background_color_gradient=&#8220;on&#8220; background_color_gradient_start=&#8220;#fafafa&#8220; background_color_gradient_end=&#8220;#ffffff&#8220; background_enable_image=&#8220;off&#8220; background_size=&#8220;contain&#8220; background_position=&#8220;bottom_right&#8220; background_blend=&#8220;multiply&#8220; custom_margin=&#8220;-38px||25px||false|false&#8220; custom_padding=&#8220;12vw||165px||false|false&#8220; top_divider_style=&#8220;wave&#8220; top_divider_height=&#8220;10vw&#8220; top_divider_repeat=&#8220;0.75x&#8220;][et_pb_row column_structure=&#8220;3_5,2_5&#8243; _builder_version=&#8220;4.8.2&#8243; custom_margin=&#8220;-49px|auto||auto||&#8220;][et_pb_column type=&#8220;3_5&#8243; _builder_version=&#8220;3.25&#8243; custom_padding=&#8220;|||&#8220; custom_padding__hover=&#8220;|||&#8220;][et_pb_blurb image_max_width=&#8220;80px&#8220; _builder_version=&#8220;4.8.2&#8243; header_font=&#8220;Merriweather|700|||||||&#8220; header_line_height=&#8220;1.8em&#8220; body_font=&#8220;||||||||&#8220; body_font_size=&#8220;13px&#8220; body_line_height=&#8220;2em&#8220; background_enable_color=&#8220;off&#8220; background_image=&#8220;http:\/\/icelandfishexpo.webdev.is\/wp-content\/uploads\/2021\/02\/Forsetinn.jpg&#8220; text_orientation=&#8220;center&#8220; background_layout=&#8220;dark&#8220; custom_margin=&#8220;||-30px|&#8220; custom_padding=&#8220;60px|80px|60px|80px|true|true&#8220; custom_padding_tablet=&#8220;&#8220; custom_padding_phone=&#8220;100px|40px|100px|40px|true|true&#8220; custom_padding_last_edited=&#8220;on|desktop&#8220; border_radii=&#8220;||200px||200px&#8220; border_radii_image=&#8220;on|100px|100px|100px|100px&#8220; box_shadow_style_image=&#8220;preset1&#8243; box_shadow_vertical_image=&#8220;10px&#8220; box_shadow_blur_image=&#8220;40px&#8220; box_shadow_spread_image=&#8220;-10px&#8220; box_shadow_color_image=&#8220;rgba(91,110,115,0.1)&#8220; locked=&#8220;off&#8220;]<\/p>\n<p>&nbsp;<\/p>\n<p>&nbsp;<\/p>\n<p>&nbsp;<\/p>\n<p>&nbsp;<\/p>\n<p><span style=\"font-size: 13px;\"><\/span><\/p>\n<p><span style=\"font-size: 13px;\"><\/span><\/p>\n<p><span style=\"font-size: 13px;\"><\/span><\/p>\n<p><span style=\"font-size: 13px;\"><\/span><\/p>\n<p><span style=\"font-size: 13px;\"><\/span><\/p>\n<p><span style=\"font-size: 13px;\">\u00a0<\/span><\/p>\n<p>&nbsp;<\/p>\n<p>&nbsp;<\/p>\n<p>&nbsp;<\/p>\n<p>&nbsp;<\/p>\n<p>[\/et_pb_blurb][\/et_pb_column][et_pb_column type=&#8220;2_5&#8243; _builder_version=&#8220;3.25&#8243; custom_padding=&#8220;|||&#8220; custom_padding__hover=&#8220;|||&#8220;][et_pb_blurb title=&#8220;I\u00f0na\u00f0ars\u00fdningin 2023&#8243; image_max_width=&#8220;80px&#8220; _builder_version=&#8220;4.8.2&#8243; header_font=&#8220;Merriweather|700|||||||&#8220; header_text_color=&#8220;#E09900&#8243; header_line_height=&#8220;1.8em&#8220; body_font=&#8220;||||||||&#8220; body_font_size=&#8220;13px&#8220; body_line_height=&#8220;2em&#8220; custom_margin=&#8220;0px|0px||0px|false|false&#8220; custom_margin_tablet=&#8220;0px|||&#8220; custom_margin_phone=&#8220;&#8220; custom_margin_last_edited=&#8220;on|tablet&#8220; border_radii=&#8220;on|10px|10px|10px|10px&#8220; border_radii_image=&#8220;on|100px|100px|100px|100px&#8220; box_shadow_style_image=&#8220;preset1&#8243; box_shadow_vertical_image=&#8220;10px&#8220; box_shadow_blur_image=&#8220;40px&#8220; box_shadow_spread_image=&#8220;-10px&#8220; box_shadow_color_image=&#8220;rgba(91,110,115,0.1)&#8220; locked=&#8220;off&#8220;]<\/p>\n<p>Opnunarh\u00f3fi\u00f0 hefst <strong>kl. 13.00 <\/strong>en bo\u00f0smi\u00f0ar ver\u00f0a sendir til um 200 a\u00f0ila. Hver s\u00fdnandi\/fyrirt\u00e6ki f\u00e6r tvo bo\u00f0smi\u00f0a \u00e1 opnunarh\u00f3fi\u00f0.<\/p>\n<p>Opnunarh\u00f3fi\u00f0 er a\u00f0eins \u00e6tla\u00f0 bo\u00f0sgestum.<\/p>\n<p><strong>I\u00d0NA\u00d0ARS\u00ddNINGIN 2023<\/strong> opnar s\u00ed\u00f0an formlega fimmtudaginn\u00a0<strong>31. \u00e1g\u00fast kl. 14.00.<\/strong><\/p>\n<p><strong>\u00a0<\/strong><\/p>\n<p>[\/et_pb_blurb][\/et_pb_column][\/et_pb_row][\/et_pb_section]<\/p>\n","protected":false},"excerpt":{"rendered":"<p>[et_pb_section fb_built=&#8220;1&#8243; admin_label=&#8220;Header&#8220; _builder_version=&#8220;4.8.2&#8243; background_color=&#8220;#038c94&#8243; background_enable_image=&#8220;off&#8220; background_size=&#8220;contain&#8220; custom_margin=&#8220;||||false&#8220; custom_padding=&#8220;1vw||1vw||true|false&#8220;][et_pb_row _builder_version=&#8220;4.8.2&#8243; background_size=&#8220;contain&#8220;][et_pb_column type=&#8220;4_4&#8243; _builder_version=&#8220;3.25&#8243; custom_padding=&#8220;|||&#8220; custom_padding__hover=&#8220;|||&#8220;][et_pb_text _builder_version=&#8220;4.8.2&#8243; text_font=&#8220;||||||||&#8220; ul_font=&#8220;||||||||&#8220; ol_font=&#8220;||||||||&#8220; header_font=&#8220;Montserrat|500||on|||||&#8220; header_font_size=&#8220;18px&#8220; header_letter_spacing=&#8220;5px&#8220; header_line_height=&#8220;1.5em&#8220; header_2_font=&#8220;Merriweather|700|||||||&#8220; header_2_font_size=&#8220;60px&#8220; header_2_line_height=&#8220;1.4em&#8220; header_3_font=&#8220;||||||||&#8220; header_4_font=&#8220;||||||||&#8220; header_5_font=&#8220;||||||||&#8220; header_6_font=&#8220;||||||||&#8220; text_orientation=&#8220;center&#8220; custom_margin=&#8220;0px||0px||false|false&#8220; header_font_size_tablet=&#8220;&#8220; header_font_size_phone=&#8220;12px&#8220; header_font_size_last_edited=&#8220;on|desktop&#8220; header_2_font_size_tablet=&#8220;50px&#8220; header_2_font_size_phone=&#8220;30px&#8220; header_2_font_size_last_edited=&#8220;on|desktop&#8220;] OPNUNARH\u00d3F VI\u00d0URKENNINGAR [\/et_pb_text][\/et_pb_column][\/et_pb_row][\/et_pb_section][et_pb_section fb_built=&#8220;1&#8243; prev_background_color=&#8220;#038c94&#8243; admin_label=&#8220;About&#8220; _builder_version=&#8220;4.8.2&#8243; background_color=&#8220;#fafafa&#8220; use_background_color_gradient=&#8220;on&#8220; background_color_gradient_start=&#8220;#fafafa&#8220; background_color_gradient_end=&#8220;#ffffff&#8220; background_enable_image=&#8220;off&#8220; background_size=&#8220;contain&#8220; background_position=&#8220;bottom_right&#8220; background_blend=&#8220;multiply&#8220; custom_margin=&#8220;-38px||25px||false|false&#8220; custom_padding=&#8220;12vw||165px||false|false&#8220; [&hellip;]<\/p>\n","protected":false},"author":1,"featured_media":0,"parent":0,"menu_order":0,"comment_status":"closed","ping_status":"closed","template":"","meta":{"_et_pb_use_builder":"on","_et_pb_old_content":"","_et_gb_content_width":"","footnotes":""},"class_list":["post-65","page","type-page","status-publish","hentry"],"_links":{"self":[{"href":"https:\/\/idnadarsyningin.webdev.is\/en\/wp-json\/wp\/v2\/pages\/65","targetHints":{"allow":["GET"]}}],"collection":[{"href":"https:\/\/idnadarsyningin.webdev.is\/en\/wp-json\/wp\/v2\/pages"}],"about":[{"href":"https:\/\/idnadarsyningin.webdev.is\/en\/wp-json\/wp\/v2\/types\/page"}],"author":[{"embeddable":true,"href":"https:\/\/idnadarsyningin.webdev.is\/en\/wp-json\/wp\/v2\/users\/1"}],"replies":[{"embeddable":true,"href":"https:\/\/idnadarsyningin.webdev.is\/en\/wp-json\/wp\/v2\/comments?post=65"}],"version-history":[{"count":35,"href":"https:\/\/idnadarsyningin.webdev.is\/en\/wp-json\/wp\/v2\/pages\/65\/revisions"}],"predecessor-version":[{"id":2637,"href":"https:\/\/idnadarsyningin.webdev.is\/en\/wp-json\/wp\/v2\/pages\/65\/revisions\/2637"}],"wp:attachment":[{"href":"https:\/\/idnadarsyningin.webdev.is\/en\/wp-json\/wp\/v2\/media?parent=65"}],"curies":[{"name":"wp","href":"https:\/\/api.w.org\/{rel}","templated":true}]}}