{"id":75,"date":"2021-02-09T15:49:39","date_gmt":"2021-02-09T15:49:39","guid":{"rendered":"http:\/\/icelandfishexpo.webdev.is\/?page_id=75"},"modified":"2023-01-26T10:03:12","modified_gmt":"2023-01-26T10:03:12","slug":"midasala","status":"publish","type":"page","link":"https:\/\/idnadarsyningin.webdev.is\/en\/midasala\/","title":{"rendered":"Admission and prices"},"content":{"rendered":"<p>[et_pb_section fb_built=&#8220;1&#8243; next_background_color=&#8220;#f2f2f2&#8243; admin_label=&#8220;Header&#8220; _builder_version=&#8220;3.22&#8243; bottom_divider_style=&#8220;wave&#8220; bottom_divider_height=&#8220;10vw&#8220; bottom_divider_flip=&#8220;horizontal&#8220; custom_padding=&#8220;||43px|||&#8220;][et_pb_row column_structure=&#8220;1_2,1_2&#8243; _builder_version=&#8220;4.8.2&#8243; background_size=&#8220;contain&#8220;][et_pb_column type=&#8220;1_2&#8243; _builder_version=&#8220;3.25&#8243; custom_padding=&#8220;|||&#8220; custom_padding_tablet=&#8220;0px|||&#8220; custom_padding_last_edited=&#8220;off|desktop&#8220; custom_padding__hover=&#8220;|||&#8220;][et_pb_text _builder_version=&#8220;4.8.2&#8243; text_font=&#8220;||||||||&#8220; ul_font=&#8220;||||||||&#8220; ol_font=&#8220;||||||||&#8220; header_font=&#8220;Montserrat|500||on|||||&#8220; header_font_size=&#8220;18px&#8220; header_letter_spacing=&#8220;5px&#8220; header_line_height=&#8220;1.5em&#8220; header_2_font=&#8220;Merriweather|700|||||||&#8220; header_2_font_size=&#8220;60px&#8220; header_2_line_height=&#8220;1.4em&#8220; header_3_font=&#8220;||||||||&#8220; header_4_font=&#8220;||||||||&#8220; header_5_font=&#8220;||||||||&#8220; header_6_font=&#8220;||||||||&#8220; header_font_size_tablet=&#8220;&#8220; header_font_size_phone=&#8220;12px&#8220; header_font_size_last_edited=&#8220;on|desktop&#8220; header_2_font_size_tablet=&#8220;50px&#8220; header_2_font_size_phone=&#8220;30px&#8220; header_2_font_size_last_edited=&#8220;on|desktop&#8220;]<\/p>\n<h2><span style=\"color: #e09900;\">MI\u00d0ASALA<\/span><\/h2>\n<p>[\/et_pb_text][\/et_pb_column][et_pb_column type=&#8220;1_2&#8243; _builder_version=&#8220;3.25&#8243; custom_padding=&#8220;|||&#8220; custom_padding__hover=&#8220;|||&#8220;][\/et_pb_column][\/et_pb_row][\/et_pb_section][et_pb_section fb_built=&#8220;1&#8243; admin_label=&#8220;Coaching&#8220; _builder_version=&#8220;4.8.2&#8243; background_color=&#8220;#f2f2f2&#8243; custom_padding=&#8220;||0px|||&#8220; hover_enabled=&#8220;0&#8243; min_height=&#8220;419.5px&#8220; sticky_enabled=&#8220;0&#8243;][et_pb_row _builder_version=&#8220;4.8.2&#8243; custom_margin=&#8220;|auto|9px|auto||&#8220;][et_pb_column type=&#8220;4_4&#8243; _builder_version=&#8220;3.25&#8243; custom_padding=&#8220;|||&#8220; custom_padding__hover=&#8220;|||&#8220;][et_pb_text _builder_version=&#8220;4.8.2&#8243; text_font=&#8220;||||||||&#8220; text_line_height=&#8220;2em&#8220; header_font=&#8220;||||||||&#8220; header_3_font=&#8220;Merriweather|700|||||||&#8220; header_3_font_size=&#8220;26px&#8220; header_3_line_height=&#8220;1.6em&#8220; text_orientation=&#8220;center&#8220; max_width=&#8220;1073px&#8220; module_alignment=&#8220;center&#8220; header_3_font_size_tablet=&#8220;&#8220; header_3_font_size_phone=&#8220;20px&#8220; header_3_font_size_last_edited=&#8220;on|phone&#8220; locked=&#8220;off&#8220;]<\/p>\n<h3><span style=\"color: #ff9900;\">Mi\u00f0asala ver\u00f0ur sta\u00f0sett vi\u00f0 inngang\u00a0n\u00fdju Laugardalshallar.<\/span><\/h3>\n<p>[\/et_pb_text][\/et_pb_column][\/et_pb_row][et_pb_row _builder_version=&#8220;4.8.2&#8243; custom_margin=&#8220;-10px|auto||auto||&#8220; custom_padding=&#8220;0px||0px||true|&#8220; border_radii=&#8220;on|10px|10px|10px|10px&#8220;][et_pb_column type=&#8220;4_4&#8243; _builder_version=&#8220;3.25&#8243; custom_padding=&#8220;|||&#8220; custom_padding__hover=&#8220;|||&#8220;][et_pb_pricing_tables featured_table_price_color=&#8220;RGBA(0,0,0,0)&#8220; _builder_version=&#8220;4.8.2&#8243; _module_preset=&#8220;default&#8220; price_text_color=&#8220;#8f8f8f&#8220; price_font_size=&#8220;70px&#8220; min_height=&#8220;295px&#8220; custom_margin=&#8220;-36px|||||&#8220; custom_padding=&#8220;42px||6px|||&#8220;][et_pb_pricing_table featured=&#8220;on&#8220; title=&#8220;Almennir gestir&#8220; sum=&#8220;ISK 2500&#8243; price_background_color=&#8220;RGBA(0,0,0,0)&#8220; header_background_color=&#8220;#437a88&#8243; _builder_version=&#8220;4.8.2&#8243; _module_preset=&#8220;default&#8220; price_text_color=&#8220;#8f8f8f&#8220; price_font_size=&#8220;70px&#8220; sticky_transition=&#8220;on&#8220;]<\/p>\n<p>+ Gildir alla 3 dagana \u00e1 me\u00f0an \u00e1 s\u00fdningu stendur<\/p>\n<p>[\/et_pb_pricing_table][et_pb_pricing_table featured=&#8220;on&#8220; title=&#8220;N\u00e1msmenn&#8220; sum=&#8220;ISK 1500&#8243; price_background_color=&#8220;RGBA(0,0,0,0)&#8220; header_background_color=&#8220;#437a88&#8243; _builder_version=&#8220;4.8.2&#8243; _module_preset=&#8220;default&#8220; price_text_color=&#8220;#8f8f8f&#8220; price_font_size=&#8220;70px&#8220; sticky_transition=&#8220;on&#8220;]<\/p>\n<p>+ Gildir alla 3 dagana \u00e1 me\u00f0an \u00e1 s\u00fdningu stendur<\/p>\n<p>[\/et_pb_pricing_table][et_pb_pricing_table featured=&#8220;on&#8220; title=&#8220;Ellil\u00edfeyris\u00feegar\/\u00f6ryrkjar&#8220; sum=&#8220;ISK 1500&#8243; header_background_color=&#8220;#437a88&#8243; _builder_version=&#8220;4.8.2&#8243; _module_preset=&#8220;default&#8220; price_text_color=&#8220;#8f8f8f&#8220; sticky_transition=&#8220;on&#8220;]<\/p>\n<p>+ Gildir alla 3 dagana \u00e1 me\u00f0an \u00e1 s\u00fdningu stendur<\/p>\n<p>[\/et_pb_pricing_table][\/et_pb_pricing_tables][\/et_pb_column][\/et_pb_row][\/et_pb_section][et_pb_section fb_built=&#8220;1&#8243; admin_label=&#8220;Services&#8220; _builder_version=&#8220;4.8.2&#8243; background_color=&#8220;#038c94&#8243; background_position=&#8220;bottom_right&#8220; background_blend=&#8220;multiply&#8220; min_height=&#8220;173.2px&#8220; custom_margin=&#8220;-24px||-5px||false|false&#8220; custom_padding=&#8220;0vw||168px||false|false&#8220; top_divider_style=&#8220;wave&#8220; top_divider_color=&#8220;#ffffff&#8220; top_divider_height=&#8220;10vw&#8220; top_divider_repeat=&#8220;0.75x&#8220;][\/et_pb_section]<\/p>\n","protected":false},"excerpt":{"rendered":"<p>[et_pb_section fb_built=&#8220;1&#8243; next_background_color=&#8220;#f2f2f2&#8243; admin_label=&#8220;Header&#8220; _builder_version=&#8220;3.22&#8243; bottom_divider_style=&#8220;wave&#8220; bottom_divider_height=&#8220;10vw&#8220; bottom_divider_flip=&#8220;horizontal&#8220; custom_padding=&#8220;||43px|||&#8220;][et_pb_row column_structure=&#8220;1_2,1_2&#8243; _builder_version=&#8220;4.8.2&#8243; background_size=&#8220;contain&#8220;][et_pb_column type=&#8220;1_2&#8243; _builder_version=&#8220;3.25&#8243; custom_padding=&#8220;|||&#8220; custom_padding_tablet=&#8220;0px|||&#8220; custom_padding_last_edited=&#8220;off|desktop&#8220; custom_padding__hover=&#8220;|||&#8220;][et_pb_text _builder_version=&#8220;4.8.2&#8243; text_font=&#8220;||||||||&#8220; ul_font=&#8220;||||||||&#8220; ol_font=&#8220;||||||||&#8220; header_font=&#8220;Montserrat|500||on|||||&#8220; header_font_size=&#8220;18px&#8220; header_letter_spacing=&#8220;5px&#8220; header_line_height=&#8220;1.5em&#8220; header_2_font=&#8220;Merriweather|700|||||||&#8220; header_2_font_size=&#8220;60px&#8220; header_2_line_height=&#8220;1.4em&#8220; header_3_font=&#8220;||||||||&#8220; header_4_font=&#8220;||||||||&#8220; header_5_font=&#8220;||||||||&#8220; header_6_font=&#8220;||||||||&#8220; header_font_size_tablet=&#8220;&#8220; header_font_size_phone=&#8220;12px&#8220; header_font_size_last_edited=&#8220;on|desktop&#8220; header_2_font_size_tablet=&#8220;50px&#8220; header_2_font_size_phone=&#8220;30px&#8220; header_2_font_size_last_edited=&#8220;on|desktop&#8220;] MI\u00d0ASALA [\/et_pb_text][\/et_pb_column][et_pb_column type=&#8220;1_2&#8243; _builder_version=&#8220;3.25&#8243; custom_padding=&#8220;|||&#8220; custom_padding__hover=&#8220;|||&#8220;][\/et_pb_column][\/et_pb_row][\/et_pb_section][et_pb_section fb_built=&#8220;1&#8243; admin_label=&#8220;Coaching&#8220; _builder_version=&#8220;4.8.2&#8243; background_color=&#8220;#f2f2f2&#8243; custom_padding=&#8220;||0px|||&#8220; hover_enabled=&#8220;0&#8243; min_height=&#8220;419.5px&#8220; sticky_enabled=&#8220;0&#8243;][et_pb_row _builder_version=&#8220;4.8.2&#8243; custom_margin=&#8220;|auto|9px|auto||&#8220;][et_pb_column [&hellip;]<\/p>\n","protected":false},"author":1,"featured_media":0,"parent":0,"menu_order":0,"comment_status":"closed","ping_status":"closed","template":"","meta":{"_et_pb_use_builder":"on","_et_pb_old_content":"","_et_gb_content_width":"","footnotes":""},"class_list":["post-75","page","type-page","status-publish","hentry"],"_links":{"self":[{"href":"https:\/\/idnadarsyningin.webdev.is\/en\/wp-json\/wp\/v2\/pages\/75","targetHints":{"allow":["GET"]}}],"collection":[{"href":"https:\/\/idnadarsyningin.webdev.is\/en\/wp-json\/wp\/v2\/pages"}],"about":[{"href":"https:\/\/idnadarsyningin.webdev.is\/en\/wp-json\/wp\/v2\/types\/page"}],"author":[{"embeddable":true,"href":"https:\/\/idnadarsyningin.webdev.is\/en\/wp-json\/wp\/v2\/users\/1"}],"replies":[{"embeddable":true,"href":"https:\/\/idnadarsyningin.webdev.is\/en\/wp-json\/wp\/v2\/comments?post=75"}],"version-history":[{"count":36,"href":"https:\/\/idnadarsyningin.webdev.is\/en\/wp-json\/wp\/v2\/pages\/75\/revisions"}],"predecessor-version":[{"id":2608,"href":"https:\/\/idnadarsyningin.webdev.is\/en\/wp-json\/wp\/v2\/pages\/75\/revisions\/2608"}],"wp:attachment":[{"href":"https:\/\/idnadarsyningin.webdev.is\/en\/wp-json\/wp\/v2\/media?parent=75"}],"curies":[{"name":"wp","href":"https:\/\/api.w.org\/{rel}","templated":true}]}}